{"id":2744,"date":"2020-12-15T16:45:53","date_gmt":"2020-12-15T15:45:53","guid":{"rendered":"https:\/\/mlg-instruments.com\/nl\/?post_type=product&#038;p=2744"},"modified":"2024-07-30T14:02:25","modified_gmt":"2024-07-30T12:02:25","slug":"magnetisch-peiltoestel-model-mla%e2%80%90150","status":"publish","type":"product","link":"https:\/\/mlg-instruments.com\/nl\/product\/magnetisch-peiltoestel-model-mla%e2%80%90150\/","title":{"rendered":"Magnetisch peiltoestel Model MLA\u2010150"},"content":{"rendered":"","protected":false},"excerpt":{"rendered":"<p>Model\u00a0 MLA-150 heeft \u00e9\u00e9n zij-aansluiting en \u00e9\u00e9n supportring. Deze toestellen worden aan de zijkant van een vat of tank gemonteerd en zijn bestand tegen drukken van maximaal 10 barg(145psi). De procestemperatuur ligt tussen de -45\u00b0C en +400\u00b0C.<\/p>\n","protected":false},"featured_media":2555,"comment_status":"closed","ping_status":"closed","template":"","meta":[],"product_brand":[],"product_cat":[41],"product_tag":[67,70,72,73,71,69],"class_list":{"0":"post-2744","1":"product","2":"type-product","3":"status-publish","4":"has-post-thumbnail","6":"product_cat-magnetische-peiltoestellen","7":"product_tag-magnetisch-peiltoestel","8":"product_tag-model-mla-150","9":"product_tag-niveaumeter","10":"product_tag-niveaumeting","11":"product_tag-peilglas","12":"product_tag-peiltoestel","14":"first","15":"instock","16":"taxable","17":"shipping-taxable","18":"product-type-simple"},"yoast_head":"<!-- This site is optimized with the Yoast SEO plugin v27.3 - https:\/\/yoast.com\/product\/yoast-seo-wordpress\/ -->\n<title>Magnetisch peiltoestel Model MLA\u2010150 - MLG Instruments<\/title>\n<meta name=\"description\" content=\"Magnetisch peiltoestel Model MLA\u2010150 heeft \u00e9\u00e9n zij-aansluiting en \u00e9\u00e9n supportring. Deze toestellen worden aan de zijkant van een vat of tank gemonteerd en\" \/>\n<meta name=\"robots\" content=\"index, follow, max-snippet:-1, max-image-preview:large, max-video-preview:-1\" \/>\n<link rel=\"canonical\" href=\"https:\/\/mlg-instruments.com\/nl\/product\/magnetisch-peiltoestel-model-mla\u2010150\/\" \/>\n<meta property=\"og:locale\" content=\"nl_NL\" \/>\n<meta property=\"og:type\" content=\"article\" \/>\n<meta property=\"og:title\" content=\"Magnetisch peiltoestel Model MLA\u2010150 - MLG Instruments\" \/>\n<meta property=\"og:description\" content=\"Magnetisch peiltoestel Model MLA\u2010150 heeft \u00e9\u00e9n zij-aansluiting en \u00e9\u00e9n supportring. Deze toestellen worden aan de zijkant van een vat of tank gemonteerd en\" \/>\n<meta property=\"og:url\" content=\"https:\/\/mlg-instruments.com\/nl\/product\/magnetisch-peiltoestel-model-mla\u2010150\/\" \/>\n<meta property=\"og:site_name\" content=\"MLG Instruments\" \/>\n<meta property=\"article:modified_time\" content=\"2024-07-30T12:02:25+00:00\" \/>\n<meta property=\"og:image\" content=\"https:\/\/mlg-instruments.com\/nl\/wp-content\/uploads\/2020\/12\/MLA-.jpg\" \/>\n\t<meta property=\"og:image:width\" content=\"965\" \/>\n\t<meta property=\"og:image:height\" content=\"724\" \/>\n\t<meta property=\"og:image:type\" content=\"image\/jpeg\" \/>\n<meta name=\"twitter:card\" content=\"summary_large_image\" \/>\n<meta name=\"twitter:label1\" content=\"Geschatte leestijd\" \/>\n\t<meta name=\"twitter:data1\" content=\"1 minuut\" \/>\n<script type=\"application\/ld+json\" class=\"yoast-schema-graph\">{\"@context\":\"https:\\\/\\\/schema.org\",\"@graph\":[{\"@type\":\"WebPage\",\"@id\":\"https:\\\/\\\/mlg-instruments.com\\\/nl\\\/product\\\/magnetisch-peiltoestel-model-mla%e2%80%90150\\\/\",\"url\":\"https:\\\/\\\/mlg-instruments.com\\\/nl\\\/product\\\/magnetisch-peiltoestel-model-mla%e2%80%90150\\\/\",\"name\":\"Magnetisch peiltoestel Model MLA\u2010150 - MLG Instruments\",\"isPartOf\":{\"@id\":\"https:\\\/\\\/mlg-instruments.com\\\/nl\\\/#website\"},\"primaryImageOfPage\":{\"@id\":\"https:\\\/\\\/mlg-instruments.com\\\/nl\\\/product\\\/magnetisch-peiltoestel-model-mla%e2%80%90150\\\/#primaryimage\"},\"image\":{\"@id\":\"https:\\\/\\\/mlg-instruments.com\\\/nl\\\/product\\\/magnetisch-peiltoestel-model-mla%e2%80%90150\\\/#primaryimage\"},\"thumbnailUrl\":\"https:\\\/\\\/mlg-instruments.com\\\/nl\\\/wp-content\\\/uploads\\\/2020\\\/12\\\/MLA-.jpg\",\"datePublished\":\"2020-12-15T15:45:53+00:00\",\"dateModified\":\"2024-07-30T12:02:25+00:00\",\"description\":\"Magnetisch peiltoestel Model MLA\u2010150 heeft \u00e9\u00e9n zij-aansluiting en \u00e9\u00e9n supportring. Deze toestellen worden aan de zijkant van een vat of tank gemonteerd en\",\"breadcrumb\":{\"@id\":\"https:\\\/\\\/mlg-instruments.com\\\/nl\\\/product\\\/magnetisch-peiltoestel-model-mla%e2%80%90150\\\/#breadcrumb\"},\"inLanguage\":\"nl-NL\",\"potentialAction\":[{\"@type\":\"ReadAction\",\"target\":[\"https:\\\/\\\/mlg-instruments.com\\\/nl\\\/product\\\/magnetisch-peiltoestel-model-mla%e2%80%90150\\\/\"]}]},{\"@type\":\"ImageObject\",\"inLanguage\":\"nl-NL\",\"@id\":\"https:\\\/\\\/mlg-instruments.com\\\/nl\\\/product\\\/magnetisch-peiltoestel-model-mla%e2%80%90150\\\/#primaryimage\",\"url\":\"https:\\\/\\\/mlg-instruments.com\\\/nl\\\/wp-content\\\/uploads\\\/2020\\\/12\\\/MLA-.jpg\",\"contentUrl\":\"https:\\\/\\\/mlg-instruments.com\\\/nl\\\/wp-content\\\/uploads\\\/2020\\\/12\\\/MLA-.jpg\",\"width\":965,\"height\":724,\"caption\":\"Magnetisch peiltoestel Model MLA-10 & MLA-150\"},{\"@type\":\"BreadcrumbList\",\"@id\":\"https:\\\/\\\/mlg-instruments.com\\\/nl\\\/product\\\/magnetisch-peiltoestel-model-mla%e2%80%90150\\\/#breadcrumb\",\"itemListElement\":[{\"@type\":\"ListItem\",\"position\":1,\"name\":\"Home\",\"item\":\"https:\\\/\\\/mlg-instruments.com\\\/nl\\\/\"},{\"@type\":\"ListItem\",\"position\":2,\"name\":\"Producten\",\"item\":\"https:\\\/\\\/mlg-instruments.com\\\/nl\\\/producten\\\/\"},{\"@type\":\"ListItem\",\"position\":3,\"name\":\"Magnetisch peiltoestel Model MLA\u2010150\"}]},{\"@type\":\"WebSite\",\"@id\":\"https:\\\/\\\/mlg-instruments.com\\\/nl\\\/#website\",\"url\":\"https:\\\/\\\/mlg-instruments.com\\\/nl\\\/\",\"name\":\"MLG Instruments\",\"description\":\"Uw niveau meetapparatuur specialist\",\"publisher\":{\"@id\":\"https:\\\/\\\/mlg-instruments.com\\\/nl\\\/#organization\"},\"potentialAction\":[{\"@type\":\"SearchAction\",\"target\":{\"@type\":\"EntryPoint\",\"urlTemplate\":\"https:\\\/\\\/mlg-instruments.com\\\/nl\\\/?s={search_term_string}\"},\"query-input\":{\"@type\":\"PropertyValueSpecification\",\"valueRequired\":true,\"valueName\":\"search_term_string\"}}],\"inLanguage\":\"nl-NL\"},{\"@type\":\"Organization\",\"@id\":\"https:\\\/\\\/mlg-instruments.com\\\/nl\\\/#organization\",\"name\":\"MLG Instruments Schiedam\",\"url\":\"https:\\\/\\\/mlg-instruments.com\\\/nl\\\/\",\"logo\":{\"@type\":\"ImageObject\",\"inLanguage\":\"nl-NL\",\"@id\":\"https:\\\/\\\/mlg-instruments.com\\\/nl\\\/#\\\/schema\\\/logo\\\/image\\\/\",\"url\":\"https:\\\/\\\/mlg-instruments.com\\\/nl\\\/wp-content\\\/uploads\\\/2020\\\/04\\\/Nieuwe-logo-MLG.jpg\",\"contentUrl\":\"https:\\\/\\\/mlg-instruments.com\\\/nl\\\/wp-content\\\/uploads\\\/2020\\\/04\\\/Nieuwe-logo-MLG.jpg\",\"width\":172,\"height\":227,\"caption\":\"MLG Instruments Schiedam\"},\"image\":{\"@id\":\"https:\\\/\\\/mlg-instruments.com\\\/nl\\\/#\\\/schema\\\/logo\\\/image\\\/\"}}]}<\/script>\n<!-- \/ Yoast SEO plugin. -->","yoast_head_json":{"title":"Magnetisch peiltoestel Model MLA\u2010150 - MLG Instruments","description":"Magnetisch peiltoestel Model MLA\u2010150 heeft \u00e9\u00e9n zij-aansluiting en \u00e9\u00e9n supportring. Deze toestellen worden aan de zijkant van een vat of tank gemonteerd en","robots":{"index":"index","follow":"follow","max-snippet":"max-snippet:-1","max-image-preview":"max-image-preview:large","max-video-preview":"max-video-preview:-1"},"canonical":"https:\/\/mlg-instruments.com\/nl\/product\/magnetisch-peiltoestel-model-mla\u2010150\/","og_locale":"nl_NL","og_type":"article","og_title":"Magnetisch peiltoestel Model MLA\u2010150 - MLG Instruments","og_description":"Magnetisch peiltoestel Model MLA\u2010150 heeft \u00e9\u00e9n zij-aansluiting en \u00e9\u00e9n supportring. Deze toestellen worden aan de zijkant van een vat of tank gemonteerd en","og_url":"https:\/\/mlg-instruments.com\/nl\/product\/magnetisch-peiltoestel-model-mla\u2010150\/","og_site_name":"MLG Instruments","article_modified_time":"2024-07-30T12:02:25+00:00","og_image":[{"width":965,"height":724,"url":"https:\/\/mlg-instruments.com\/nl\/wp-content\/uploads\/2020\/12\/MLA-.jpg","type":"image\/jpeg"}],"twitter_card":"summary_large_image","twitter_misc":{"Geschatte leestijd":"1 minuut"},"schema":{"@context":"https:\/\/schema.org","@graph":[{"@type":"WebPage","@id":"https:\/\/mlg-instruments.com\/nl\/product\/magnetisch-peiltoestel-model-mla%e2%80%90150\/","url":"https:\/\/mlg-instruments.com\/nl\/product\/magnetisch-peiltoestel-model-mla%e2%80%90150\/","name":"Magnetisch peiltoestel Model MLA\u2010150 - MLG Instruments","isPartOf":{"@id":"https:\/\/mlg-instruments.com\/nl\/#website"},"primaryImageOfPage":{"@id":"https:\/\/mlg-instruments.com\/nl\/product\/magnetisch-peiltoestel-model-mla%e2%80%90150\/#primaryimage"},"image":{"@id":"https:\/\/mlg-instruments.com\/nl\/product\/magnetisch-peiltoestel-model-mla%e2%80%90150\/#primaryimage"},"thumbnailUrl":"https:\/\/mlg-instruments.com\/nl\/wp-content\/uploads\/2020\/12\/MLA-.jpg","datePublished":"2020-12-15T15:45:53+00:00","dateModified":"2024-07-30T12:02:25+00:00","description":"Magnetisch peiltoestel Model MLA\u2010150 heeft \u00e9\u00e9n zij-aansluiting en \u00e9\u00e9n supportring. Deze toestellen worden aan de zijkant van een vat of tank gemonteerd en","breadcrumb":{"@id":"https:\/\/mlg-instruments.com\/nl\/product\/magnetisch-peiltoestel-model-mla%e2%80%90150\/#breadcrumb"},"inLanguage":"nl-NL","potentialAction":[{"@type":"ReadAction","target":["https:\/\/mlg-instruments.com\/nl\/product\/magnetisch-peiltoestel-model-mla%e2%80%90150\/"]}]},{"@type":"ImageObject","inLanguage":"nl-NL","@id":"https:\/\/mlg-instruments.com\/nl\/product\/magnetisch-peiltoestel-model-mla%e2%80%90150\/#primaryimage","url":"https:\/\/mlg-instruments.com\/nl\/wp-content\/uploads\/2020\/12\/MLA-.jpg","contentUrl":"https:\/\/mlg-instruments.com\/nl\/wp-content\/uploads\/2020\/12\/MLA-.jpg","width":965,"height":724,"caption":"Magnetisch peiltoestel Model MLA-10 & MLA-150"},{"@type":"BreadcrumbList","@id":"https:\/\/mlg-instruments.com\/nl\/product\/magnetisch-peiltoestel-model-mla%e2%80%90150\/#breadcrumb","itemListElement":[{"@type":"ListItem","position":1,"name":"Home","item":"https:\/\/mlg-instruments.com\/nl\/"},{"@type":"ListItem","position":2,"name":"Producten","item":"https:\/\/mlg-instruments.com\/nl\/producten\/"},{"@type":"ListItem","position":3,"name":"Magnetisch peiltoestel Model MLA\u2010150"}]},{"@type":"WebSite","@id":"https:\/\/mlg-instruments.com\/nl\/#website","url":"https:\/\/mlg-instruments.com\/nl\/","name":"MLG Instruments","description":"Uw niveau meetapparatuur specialist","publisher":{"@id":"https:\/\/mlg-instruments.com\/nl\/#organization"},"potentialAction":[{"@type":"SearchAction","target":{"@type":"EntryPoint","urlTemplate":"https:\/\/mlg-instruments.com\/nl\/?s={search_term_string}"},"query-input":{"@type":"PropertyValueSpecification","valueRequired":true,"valueName":"search_term_string"}}],"inLanguage":"nl-NL"},{"@type":"Organization","@id":"https:\/\/mlg-instruments.com\/nl\/#organization","name":"MLG Instruments Schiedam","url":"https:\/\/mlg-instruments.com\/nl\/","logo":{"@type":"ImageObject","inLanguage":"nl-NL","@id":"https:\/\/mlg-instruments.com\/nl\/#\/schema\/logo\/image\/","url":"https:\/\/mlg-instruments.com\/nl\/wp-content\/uploads\/2020\/04\/Nieuwe-logo-MLG.jpg","contentUrl":"https:\/\/mlg-instruments.com\/nl\/wp-content\/uploads\/2020\/04\/Nieuwe-logo-MLG.jpg","width":172,"height":227,"caption":"MLG Instruments Schiedam"},"image":{"@id":"https:\/\/mlg-instruments.com\/nl\/#\/schema\/logo\/image\/"}}]}},"_links":{"self":[{"href":"https:\/\/mlg-instruments.com\/nl\/wp-json\/wp\/v2\/product\/2744","targetHints":{"allow":["GET"]}}],"collection":[{"href":"https:\/\/mlg-instruments.com\/nl\/wp-json\/wp\/v2\/product"}],"about":[{"href":"https:\/\/mlg-instruments.com\/nl\/wp-json\/wp\/v2\/types\/product"}],"replies":[{"embeddable":true,"href":"https:\/\/mlg-instruments.com\/nl\/wp-json\/wp\/v2\/comments?post=2744"}],"wp:featuredmedia":[{"embeddable":true,"href":"https:\/\/mlg-instruments.com\/nl\/wp-json\/wp\/v2\/media\/2555"}],"wp:attachment":[{"href":"https:\/\/mlg-instruments.com\/nl\/wp-json\/wp\/v2\/media?parent=2744"}],"wp:term":[{"taxonomy":"product_brand","embeddable":true,"href":"https:\/\/mlg-instruments.com\/nl\/wp-json\/wp\/v2\/product_brand?post=2744"},{"taxonomy":"product_cat","embeddable":true,"href":"https:\/\/mlg-instruments.com\/nl\/wp-json\/wp\/v2\/product_cat?post=2744"},{"taxonomy":"product_tag","embeddable":true,"href":"https:\/\/mlg-instruments.com\/nl\/wp-json\/wp\/v2\/product_tag?post=2744"}],"curies":[{"name":"wp","href":"https:\/\/api.w.org\/{rel}","templated":true}]}}